{"id":866,"date":"2025-01-01T22:04:40","date_gmt":"2025-01-01T21:04:40","guid":{"rendered":"https:\/\/www.dolesa.org\/?page_id=866"},"modified":"2026-02-07T15:35:57","modified_gmt":"2026-02-07T14:35:57","slug":"zimni-verze-taboroveho-loga","status":"publish","type":"page","link":"https:\/\/www.dolesa.org\/index.php\/hry\/zimni-verze-taboroveho-loga\/","title":{"rendered":"Zimn\u00ed verze t\u00e1borov\u00e9ho loga"},"content":{"rendered":"\n<p>V\u00edt\u011bz: <strong>Lucinka Kortusov\u00e1<\/strong><br>Z\u00e1vid\u011bla jsem sv\u00e9 star\u0161\u00ed sest\u0159e \u017ee m\u00e1 n\u011bjak\u00fd n\u00e1pad a za\u010d\u00edn\u00e1 ho uskute\u010d\u0148ovat a j\u00e1 nem\u00e1m nic tak jsem vzala pap\u00edr a tu\u017eku a za\u010dala jsem navrhovat. V\u00fdsledek stejn\u011b nakonec vypad\u00e1 jinak ne\u017e jsem zam\u00fd\u0161lela ale to nevad\u00ed. Vytvo\u0159eno v InkScapu.<\/p>\n\n\n\n<figure class=\"wp-block-image size-full\"><img loading=\"lazy\" decoding=\"async\" width=\"1000\" height=\"900\" src=\"https:\/\/www.dolesa.org\/wp-content\/uploads\/2025\/01\/lucka_kortusova.jpg\" alt=\"\" class=\"wp-image-868\" srcset=\"https:\/\/www.dolesa.org\/wp-content\/uploads\/2025\/01\/lucka_kortusova.jpg 1000w, https:\/\/www.dolesa.org\/wp-content\/uploads\/2025\/01\/lucka_kortusova-300x270.jpg 300w, https:\/\/www.dolesa.org\/wp-content\/uploads\/2025\/01\/lucka_kortusova-768x691.jpg 768w, https:\/\/www.dolesa.org\/wp-content\/uploads\/2025\/01\/lucka_kortusova-660x594.jpg 660w\" sizes=\"auto, (max-width: 1000px) 100vw, 1000px\" \/><\/figure>\n\n\n\n<h2 class=\"wp-block-heading\">Dal\u0161\u00ed n\u00e1vrhy<\/h2>\n\n\n\n<p><strong>Maru\u0161ka<\/strong><br>Nejprve jsem v jednu hodinu v noci dostala n\u00e1pad um\u00edstit logo do sn\u011b\u017e\u00edtka. Hned jsem si n\u00e1pad zapsala a dal\u0161\u00ed den p\u0159ekreslila tu\u017ekou na pap\u00edr. Pak jsem se s pomoc\u00ed m\u00e9 \u0161ikovn\u00e9 maminky nau\u010dila v Inkscapu a logo zde vytvo\u0159ila.<\/p>\n\n\n\n<figure class=\"wp-block-image size-full\"><img loading=\"lazy\" decoding=\"async\" width=\"1000\" height=\"900\" src=\"https:\/\/www.dolesa.org\/wp-content\/uploads\/2025\/01\/maruska_kortusova.jpg\" alt=\"\" class=\"wp-image-867\" srcset=\"https:\/\/www.dolesa.org\/wp-content\/uploads\/2025\/01\/maruska_kortusova.jpg 1000w, https:\/\/www.dolesa.org\/wp-content\/uploads\/2025\/01\/maruska_kortusova-300x270.jpg 300w, https:\/\/www.dolesa.org\/wp-content\/uploads\/2025\/01\/maruska_kortusova-768x691.jpg 768w, https:\/\/www.dolesa.org\/wp-content\/uploads\/2025\/01\/maruska_kortusova-660x594.jpg 660w\" sizes=\"auto, (max-width: 1000px) 100vw, 1000px\" \/><\/figure>\n\n\n\n<p><strong>\u017dofka<\/strong><br>Nakreslila jsem obrys \u010dern\u00fdm centropenem a pot\u00e9 jsem fixami nakreslila detaily.<\/p>\n\n\n\n<figure class=\"wp-block-image size-large\"><img loading=\"lazy\" decoding=\"async\" width=\"1024\" height=\"788\" src=\"https:\/\/www.dolesa.org\/wp-content\/uploads\/2025\/01\/zofka_vondrakova-1024x788.jpg\" alt=\"\" class=\"wp-image-869\" srcset=\"https:\/\/www.dolesa.org\/wp-content\/uploads\/2025\/01\/zofka_vondrakova-1024x788.jpg 1024w, https:\/\/www.dolesa.org\/wp-content\/uploads\/2025\/01\/zofka_vondrakova-300x231.jpg 300w, https:\/\/www.dolesa.org\/wp-content\/uploads\/2025\/01\/zofka_vondrakova-768x591.jpg 768w, https:\/\/www.dolesa.org\/wp-content\/uploads\/2025\/01\/zofka_vondrakova-1536x1181.jpg 1536w, https:\/\/www.dolesa.org\/wp-content\/uploads\/2025\/01\/zofka_vondrakova-660x508.jpg 660w, https:\/\/www.dolesa.org\/wp-content\/uploads\/2025\/01\/zofka_vondrakova.jpg 1836w\" sizes=\"auto, (max-width: 1024px) 100vw, 1024px\" \/><\/figure>\n\n\n\n<p><strong>Ton\u00edk<\/strong><br>Logo jsem upravil v aplikaci galerie.<\/p>\n\n\n\n<figure class=\"wp-block-image size-large\"><img loading=\"lazy\" decoding=\"async\" width=\"1024\" height=\"1022\" src=\"https:\/\/www.dolesa.org\/wp-content\/uploads\/2025\/01\/konik_solc-1024x1022.jpg\" alt=\"\" class=\"wp-image-870\" srcset=\"https:\/\/www.dolesa.org\/wp-content\/uploads\/2025\/01\/konik_solc-1024x1022.jpg 1024w, https:\/\/www.dolesa.org\/wp-content\/uploads\/2025\/01\/konik_solc-300x300.jpg 300w, https:\/\/www.dolesa.org\/wp-content\/uploads\/2025\/01\/konik_solc-150x150.jpg 150w, https:\/\/www.dolesa.org\/wp-content\/uploads\/2025\/01\/konik_solc-768x766.jpg 768w, https:\/\/www.dolesa.org\/wp-content\/uploads\/2025\/01\/konik_solc-1536x1533.jpg 1536w, https:\/\/www.dolesa.org\/wp-content\/uploads\/2025\/01\/konik_solc-660x659.jpg 660w, https:\/\/www.dolesa.org\/wp-content\/uploads\/2025\/01\/konik_solc.jpg 1840w\" sizes=\"auto, (max-width: 1024px) 100vw, 1024px\" \/><\/figure>\n\n\n\n<p><strong>Bar\u010da<\/strong><br>Pos\u00edl\u00e1m sv\u016fj sout\u011b\u017en\u00ed p\u0159\u00edsp\u011bvek. V\u00fd\u0161ivka na ln\u011bn\u00e9m pl\u00e1tn\u011b, ozdobeno st\u0159\u00edbrnou nit\u00ed. Ru\u010dn\u00ed pr\u00e1ce, pouze logo obkresleno na l\u00e1tku jako vodic\u00ed asistence.<\/p>\n\n\n\n<figure class=\"wp-block-image size-large\"><img loading=\"lazy\" decoding=\"async\" width=\"768\" height=\"1024\" src=\"https:\/\/www.dolesa.org\/wp-content\/uploads\/2025\/01\/barbor_pankova-768x1024.jpg\" alt=\"\" class=\"wp-image-871\" srcset=\"https:\/\/www.dolesa.org\/wp-content\/uploads\/2025\/01\/barbor_pankova-768x1024.jpg 768w, https:\/\/www.dolesa.org\/wp-content\/uploads\/2025\/01\/barbor_pankova-225x300.jpg 225w, https:\/\/www.dolesa.org\/wp-content\/uploads\/2025\/01\/barbor_pankova-1152x1536.jpg 1152w, https:\/\/www.dolesa.org\/wp-content\/uploads\/2025\/01\/barbor_pankova-1536x2048.jpg 1536w, https:\/\/www.dolesa.org\/wp-content\/uploads\/2025\/01\/barbor_pankova-660x880.jpg 660w, https:\/\/www.dolesa.org\/wp-content\/uploads\/2025\/01\/barbor_pankova-scaled.jpg 1920w\" sizes=\"auto, (max-width: 768px) 100vw, 768px\" \/><\/figure>\n\n\n\n<p><strong>Mary<\/strong><br>Vytvo\u0159eno pomoc\u00ed online n\u00e1stroje <a href=\"https:\/\/miro.com\/\">https:\/\/miro.com\/<\/a>.<\/p>\n\n\n\n<figure class=\"wp-block-image size-full\"><img loading=\"lazy\" decoding=\"async\" width=\"1000\" height=\"982\" src=\"https:\/\/www.dolesa.org\/wp-content\/uploads\/2025\/01\/mariana_castillo.jpg\" alt=\"\" class=\"wp-image-872\" srcset=\"https:\/\/www.dolesa.org\/wp-content\/uploads\/2025\/01\/mariana_castillo.jpg 1000w, https:\/\/www.dolesa.org\/wp-content\/uploads\/2025\/01\/mariana_castillo-300x295.jpg 300w, https:\/\/www.dolesa.org\/wp-content\/uploads\/2025\/01\/mariana_castillo-768x754.jpg 768w, https:\/\/www.dolesa.org\/wp-content\/uploads\/2025\/01\/mariana_castillo-660x648.jpg 660w\" sizes=\"auto, (max-width: 1000px) 100vw, 1000px\" \/><\/figure>\n\n\n\n<p><strong>Vojta<\/strong><br>Upraveno na tabletu v programu InkScape.<\/p>\n\n\n\n<figure class=\"wp-block-image size-full\"><img loading=\"lazy\" decoding=\"async\" width=\"1000\" height=\"1000\" src=\"https:\/\/www.dolesa.org\/wp-content\/uploads\/2025\/01\/vooota_paneeek.jpg\" alt=\"\" class=\"wp-image-873\" srcset=\"https:\/\/www.dolesa.org\/wp-content\/uploads\/2025\/01\/vooota_paneeek.jpg 1000w, https:\/\/www.dolesa.org\/wp-content\/uploads\/2025\/01\/vooota_paneeek-300x300.jpg 300w, https:\/\/www.dolesa.org\/wp-content\/uploads\/2025\/01\/vooota_paneeek-150x150.jpg 150w, https:\/\/www.dolesa.org\/wp-content\/uploads\/2025\/01\/vooota_paneeek-768x768.jpg 768w, https:\/\/www.dolesa.org\/wp-content\/uploads\/2025\/01\/vooota_paneeek-660x660.jpg 660w\" sizes=\"auto, (max-width: 1000px) 100vw, 1000px\" \/><\/figure>\n","protected":false},"excerpt":{"rendered":"<p>V\u00edt\u011bz: Lucinka Kortusov\u00e1Z\u00e1vid\u011bla jsem sv\u00e9 star\u0161\u00ed sest\u0159e \u017ee m\u00e1 n\u011bjak\u00fd n\u00e1pad a za\u010d\u00edn\u00e1 ho uskute\u010d\u0148ovat a j\u00e1 nem\u00e1m nic tak jsem vzala pap\u00edr a tu\u017eku a za\u010dala jsem navrhovat. V\u00fdsledek stejn\u011b nakonec vypad\u00e1 jinak ne\u017e jsem zam\u00fd\u0161lela ale to nevad\u00ed. Vytvo\u0159eno v InkScapu. Dal\u0161\u00ed n\u00e1vrhy Maru\u0161kaNejprve jsem v jednu hodinu v noci dostala n\u00e1pad um\u00edstit\u2026 <span class=\"read-more\"><a href=\"https:\/\/www.dolesa.org\/index.php\/hry\/zimni-verze-taboroveho-loga\/\">Read More &raquo;<\/a><\/span><\/p>\n","protected":false},"author":2,"featured_media":0,"parent":686,"menu_order":0,"comment_status":"closed","ping_status":"closed","template":"","meta":{"footnotes":""},"class_list":["post-866","page","type-page","status-publish","hentry"],"_links":{"self":[{"href":"https:\/\/www.dolesa.org\/index.php\/wp-json\/wp\/v2\/pages\/866","targetHints":{"allow":["GET"]}}],"collection":[{"href":"https:\/\/www.dolesa.org\/index.php\/wp-json\/wp\/v2\/pages"}],"about":[{"href":"https:\/\/www.dolesa.org\/index.php\/wp-json\/wp\/v2\/types\/page"}],"author":[{"embeddable":true,"href":"https:\/\/www.dolesa.org\/index.php\/wp-json\/wp\/v2\/users\/2"}],"replies":[{"embeddable":true,"href":"https:\/\/www.dolesa.org\/index.php\/wp-json\/wp\/v2\/comments?post=866"}],"version-history":[{"count":4,"href":"https:\/\/www.dolesa.org\/index.php\/wp-json\/wp\/v2\/pages\/866\/revisions"}],"predecessor-version":[{"id":5960,"href":"https:\/\/www.dolesa.org\/index.php\/wp-json\/wp\/v2\/pages\/866\/revisions\/5960"}],"up":[{"embeddable":true,"href":"https:\/\/www.dolesa.org\/index.php\/wp-json\/wp\/v2\/pages\/686"}],"wp:attachment":[{"href":"https:\/\/www.dolesa.org\/index.php\/wp-json\/wp\/v2\/media?parent=866"}],"curies":[{"name":"wp","href":"https:\/\/api.w.org\/{rel}","templated":true}]}}