{"id":686,"date":"2023-09-12T23:28:06","date_gmt":"2023-09-12T21:28:06","guid":{"rendered":"http:\/\/www.dolesa.org\/?page_id=686"},"modified":"2026-02-07T15:35:24","modified_gmt":"2026-02-07T14:35:24","slug":"hry","status":"publish","type":"page","link":"https:\/\/www.dolesa.org\/index.php\/hry\/","title":{"rendered":"Hry a sout\u011b\u017ee"},"content":{"rendered":"\n<h2 class=\"wp-block-heading\">V\u00fdtvarn\u00e9 sout\u011b\u017ee<\/h2>\n\n\n\n<h4 class=\"wp-block-heading\">Uplynul\u00e9<\/h4>\n\n\n\n<ul class=\"wp-block-list\">\n<li><a href=\"https:\/\/www.dolesa.org\/index.php\/hry\/zimni-verze-taboroveho-loga\/\" data-type=\"link\" data-id=\"https:\/\/www.dolesa.org\/index.php\/hry\/zimni-verze-taboroveho-loga\/\">Zimn\u00ed verze t\u00e1borov\u00e9ho loga<\/a><\/li>\n\n\n\n<li><a href=\"https:\/\/www.dolesa.org\/index.php\/hry\/zekonske-tricko-2025\/\" data-type=\"page\" data-id=\"5951\">Zekonsk\u00e9 tri\u010dko 2025<\/a><\/li>\n<\/ul>\n\n\n\n<h2 class=\"wp-block-heading\">Osmi\u010dka<\/h2>\n\n\n\n<p>Celoro\u010dn\u00ed hra, kterou mohou t\u00e1born\u00edci i vedouc\u00ed plnit, kdy\u017e zrovna nejsou na t\u00e1bo\u0159e.<\/p>\n\n\n\n<div class=\"wp-block-file\"><object class=\"wp-block-file__embed\" data=\"https:\/\/www.dolesa.org\/wp-content\/uploads\/2023\/09\/Osmicka-do-lesa.pdf\" type=\"application\/pdf\" style=\"width:100%;height:960px\" aria-label=\"Osmi\u010dka do lesa\"><\/object><a id=\"wp-block-file--media-c0e5ef3f-21ce-43b8-b051-318f81c856a9\" href=\"https:\/\/www.dolesa.org\/wp-content\/uploads\/2023\/09\/Osmicka-do-lesa.pdf\">St\u00e1hnout PDF<\/a><\/div>\n\n\n\n<h2 class=\"wp-block-heading\">Hladov\u00fd poh\u00e1r<\/h2>\n\n\n\n<p>Ka\u017edoro\u010dn\u00ed no\u010dn\u00ed hra pro star\u0161\u00ed t\u00e1born\u00edky, kter\u00e1 m\u00e1 jedin\u00e9ho v\u00edt\u011bze.<\/p>\n\n\n\n<div class=\"wp-block-group is-layout-grid wp-container-core-group-is-layout-9649a0d9 wp-block-group-is-layout-grid\">\n<figure class=\"wp-block-image size-full\"><img loading=\"lazy\" decoding=\"async\" width=\"800\" height=\"720\" src=\"https:\/\/www.dolesa.org\/wp-content\/uploads\/2023\/09\/crown_2022-1.png\" alt=\"\" class=\"wp-image-688\" srcset=\"https:\/\/www.dolesa.org\/wp-content\/uploads\/2023\/09\/crown_2022-1.png 800w, https:\/\/www.dolesa.org\/wp-content\/uploads\/2023\/09\/crown_2022-1-300x270.png 300w, https:\/\/www.dolesa.org\/wp-content\/uploads\/2023\/09\/crown_2022-1-768x691.png 768w, https:\/\/www.dolesa.org\/wp-content\/uploads\/2023\/09\/crown_2022-1-660x594.png 660w\" sizes=\"auto, (max-width: 800px) 100vw, 800px\" \/><figcaption class=\"wp-element-caption\"><strong>Vojta V.<\/strong><br>2022<br><\/figcaption><\/figure>\n\n\n\n<figure class=\"wp-block-image size-full\"><img loading=\"lazy\" decoding=\"async\" width=\"800\" height=\"720\" src=\"https:\/\/www.dolesa.org\/wp-content\/uploads\/2023\/09\/crown_2023.png\" alt=\"\" class=\"wp-image-689\" srcset=\"https:\/\/www.dolesa.org\/wp-content\/uploads\/2023\/09\/crown_2023.png 800w, https:\/\/www.dolesa.org\/wp-content\/uploads\/2023\/09\/crown_2023-300x270.png 300w, https:\/\/www.dolesa.org\/wp-content\/uploads\/2023\/09\/crown_2023-768x691.png 768w, https:\/\/www.dolesa.org\/wp-content\/uploads\/2023\/09\/crown_2023-660x594.png 660w\" sizes=\"auto, (max-width: 800px) 100vw, 800px\" \/><figcaption class=\"wp-element-caption\"><strong>Ota V.<\/strong><br>2023<br><\/figcaption><\/figure>\n\n\n\n<figure class=\"wp-block-image size-full\"><img loading=\"lazy\" decoding=\"async\" width=\"800\" height=\"720\" src=\"https:\/\/www.dolesa.org\/wp-content\/uploads\/2024\/08\/crown_2024-1.png\" alt=\"\" class=\"wp-image-768\" srcset=\"https:\/\/www.dolesa.org\/wp-content\/uploads\/2024\/08\/crown_2024-1.png 800w, https:\/\/www.dolesa.org\/wp-content\/uploads\/2024\/08\/crown_2024-1-300x270.png 300w, https:\/\/www.dolesa.org\/wp-content\/uploads\/2024\/08\/crown_2024-1-768x691.png 768w, https:\/\/www.dolesa.org\/wp-content\/uploads\/2024\/08\/crown_2024-1-660x594.png 660w\" sizes=\"auto, (max-width: 800px) 100vw, 800px\" \/><figcaption class=\"wp-element-caption\"><strong>Honz\u00edk V.<\/strong><br>2024<\/figcaption><\/figure>\n\n\n\n<figure class=\"wp-block-image size-full\"><img decoding=\"async\" src=\"https:\/\/www.dolesa.org\/wp-content\/uploads\/2025\/12\/crown_2025-3.png\" alt=\"\" class=\"wp-image-5932\"\/><figcaption class=\"wp-element-caption\"><strong>Ton\u00edk \u0160.<\/strong><br>2025<\/figcaption><\/figure>\n<\/div>\n\n\n\n<h2 class=\"wp-block-heading\">Japonsk\u00e9 karti\u010dky<\/h2>\n\n\n\n<p>Karetn\u00ed hra z t\u00e1bora 2024<\/p>\n\n\n\n<div class=\"wp-block-file\"><object class=\"wp-block-file__embed\" data=\"https:\/\/www.dolesa.org\/wp-content\/uploads\/2024\/08\/karticky_archy_tisk_4x4.pdf\" type=\"application\/pdf\" style=\"width:100%;height:960px\" aria-label=\"Japonsk\u00e9 karti\u010dky\"><\/object><a id=\"wp-block-file--media-c0e5ef3f-21ce-43b8-b051-318f81c856a9\" href=\"https:\/\/www.dolesa.org\/wp-content\/uploads\/2024\/08\/karticky_archy_tisk_4x4.pdf\">St\u00e1hnout PDF<\/a><\/div>\n","protected":false},"excerpt":{"rendered":"<p>V\u00fdtvarn\u00e9 sout\u011b\u017ee Uplynul\u00e9 Osmi\u010dka Celoro\u010dn\u00ed hra, kterou mohou t\u00e1born\u00edci i vedouc\u00ed plnit, kdy\u017e zrovna nejsou na t\u00e1bo\u0159e. St\u00e1hnout PDF Hladov\u00fd poh\u00e1r Ka\u017edoro\u010dn\u00ed no\u010dn\u00ed hra pro star\u0161\u00ed t\u00e1born\u00edky, kter\u00e1 m\u00e1 jedin\u00e9ho v\u00edt\u011bze. Japonsk\u00e9 karti\u010dky Karetn\u00ed hra z t\u00e1bora 2024 St\u00e1hnout PDF<\/p>\n","protected":false},"author":2,"featured_media":0,"parent":0,"menu_order":0,"comment_status":"closed","ping_status":"closed","template":"","meta":{"footnotes":""},"class_list":["post-686","page","type-page","status-publish","hentry"],"_links":{"self":[{"href":"https:\/\/www.dolesa.org\/index.php\/wp-json\/wp\/v2\/pages\/686","targetHints":{"allow":["GET"]}}],"collection":[{"href":"https:\/\/www.dolesa.org\/index.php\/wp-json\/wp\/v2\/pages"}],"about":[{"href":"https:\/\/www.dolesa.org\/index.php\/wp-json\/wp\/v2\/types\/page"}],"author":[{"embeddable":true,"href":"https:\/\/www.dolesa.org\/index.php\/wp-json\/wp\/v2\/users\/2"}],"replies":[{"embeddable":true,"href":"https:\/\/www.dolesa.org\/index.php\/wp-json\/wp\/v2\/comments?post=686"}],"version-history":[{"count":19,"href":"https:\/\/www.dolesa.org\/index.php\/wp-json\/wp\/v2\/pages\/686\/revisions"}],"predecessor-version":[{"id":5959,"href":"https:\/\/www.dolesa.org\/index.php\/wp-json\/wp\/v2\/pages\/686\/revisions\/5959"}],"wp:attachment":[{"href":"https:\/\/www.dolesa.org\/index.php\/wp-json\/wp\/v2\/media?parent=686"}],"curies":[{"name":"wp","href":"https:\/\/api.w.org\/{rel}","templated":true}]}}