{"id":610,"date":"2023-07-15T01:13:13","date_gmt":"2023-07-14T23:13:13","guid":{"rendered":"http:\/\/www.dolesa.org\/?page_id=610"},"modified":"2023-07-15T01:13:13","modified_gmt":"2023-07-14T23:13:13","slug":"krystof","status":"publish","type":"page","link":"https:\/\/www.dolesa.org\/index.php\/o-nas\/krystof\/","title":{"rendered":"Kry\u0161tof"},"content":{"rendered":"\n<div class=\"wp-block-columns is-layout-flex wp-container-core-columns-is-layout-9d6595d7 wp-block-columns-is-layout-flex\">\n<div class=\"wp-block-column is-layout-flow wp-block-column-is-layout-flow\" style=\"flex-basis:33.33%\">\n<figure class=\"wp-block-image size-full\"><img loading=\"lazy\" decoding=\"async\" width=\"685\" height=\"685\" src=\"https:\/\/www.dolesa.org\/wp-content\/uploads\/2023\/07\/2021_08_05__17_45_44.jpg\" alt=\"\" class=\"wp-image-603\" srcset=\"https:\/\/www.dolesa.org\/wp-content\/uploads\/2023\/07\/2021_08_05__17_45_44.jpg 685w, https:\/\/www.dolesa.org\/wp-content\/uploads\/2023\/07\/2021_08_05__17_45_44-300x300.jpg 300w, https:\/\/www.dolesa.org\/wp-content\/uploads\/2023\/07\/2021_08_05__17_45_44-150x150.jpg 150w, https:\/\/www.dolesa.org\/wp-content\/uploads\/2023\/07\/2021_08_05__17_45_44-660x660.jpg 660w\" sizes=\"auto, (max-width: 685px) 100vw, 685px\" \/><\/figure>\n\n\n\n<p><strong>odd\u00edlov\u00fd vedouc\u00ed<br>\u010dlen programov\u00e9ho t\u00fdmu<\/strong><\/p>\n<\/div>\n\n\n\n<div class=\"wp-block-column is-layout-flow wp-block-column-is-layout-flow\" style=\"flex-basis:66.66%\">\n<h3 class=\"wp-block-heading\">Jak\u00e9 je tv\u00e9 civiln\u00ed povol\u00e1n\u00ed?<\/h3>\n\n\n\n<p>Nezam\u011bstnan\u00fd<\/p>\n\n\n\n<h3 class=\"wp-block-heading\">Jak\u00e9 m\u00e1\u0161 kon\u00ed\u010dky? Co t\u011b bav\u00ed?<\/h3>\n\n\n\n<p>Chod\u00edm cvi\u010dit, hraju videohry a dob\u0159e se bav\u00edm s kamar\u00e1dy.<\/p>\n\n\n\n<h3 class=\"wp-block-heading\">\u010c\u00edm jsi cht\u011bl b\u00fdt jako mal\u00fd?<\/h3>\n\n\n\n<p>Pot\u00e1p\u011b\u010d<\/p>\n\n\n\n<h3 class=\"wp-block-heading\">Jak\u00e9 je tv\u00e9 \u017eivotn\u00ed motto?<\/h3>\n\n\n\n<p>&#8222;Hlavn\u011b se \u0161kolou zbyte\u010dn\u011b netrap.&#8220;<\/p>\n\n\n\n<h3 class=\"wp-block-heading\">Co t\u011b motivuje jezdit na t\u00e1bory?<\/h3>\n\n\n\n<p>Nov\u00e9 z\u00e1\u017eitky se stejn\u00fdma lidma<\/p>\n\n\n\n<h3 class=\"wp-block-heading\">M\u00e1\u0161 n\u011bco, co se sv\u00fdm p\u016fsoben\u00edm na t\u00e1bo\u0159e sna\u017e\u00ed\u0161 p\u0159edat d\u011btem a ostatn\u00edm t\u00e1born\u00edk\u016fm?<\/h3>\n\n\n\n<p>Zat\u00edm ne<\/p>\n\n\n\n<h3 class=\"wp-block-heading\">Jak\u00e9 je tv\u00e9 obl\u00edben\u00e9 t\u00e1borov\u00e9 j\u00eddlo?<\/h3>\n\n\n\n<p>Krupicov\u00e1 ka\u0161e<\/p>\n\n\n\n<h3 class=\"wp-block-heading\">Jak\u00e1 t\u00e1borov\u00e1 p\u00edse\u0148 nejl\u00e9pe vystihuje tv\u016fj dosavadn\u00ed \u017eivot?<\/h3>\n\n\n\n<p>Whisky, to je moje gusto&nbsp;<\/p>\n\n\n\n<h3 class=\"wp-block-heading\">Jak\u00e1 je tv\u00e1 nejsiln\u011bj\u0161\u00ed\/nejmilej\u0161\u00ed t\u00e1borov\u00e1 vzpom\u00ednka?<\/h3>\n\n\n\n<p>Moje prvn\u00ed kr\u00e1de\u017e k\u016flu<\/p>\n\n\n\n<h3 class=\"wp-block-heading\">Jak\u00e9 t\u00e1borov\u00e9 t\u00e9ma bys cht\u011bl jednou prosadit?<\/h3>\n\n\n\n<p>Vikingy<\/p>\n<\/div>\n<\/div>\n","protected":false},"excerpt":{"rendered":"<p>odd\u00edlov\u00fd vedouc\u00ed\u010dlen programov\u00e9ho t\u00fdmu Jak\u00e9 je tv\u00e9 civiln\u00ed povol\u00e1n\u00ed? Nezam\u011bstnan\u00fd Jak\u00e9 m\u00e1\u0161 kon\u00ed\u010dky? Co t\u011b bav\u00ed? Chod\u00edm cvi\u010dit, hraju videohry a dob\u0159e se bav\u00edm s kamar\u00e1dy. \u010c\u00edm jsi cht\u011bl b\u00fdt jako mal\u00fd? Pot\u00e1p\u011b\u010d Jak\u00e9 je tv\u00e9 \u017eivotn\u00ed motto? &#8222;Hlavn\u011b se \u0161kolou zbyte\u010dn\u011b netrap.&#8220; Co t\u011b motivuje jezdit na t\u00e1bory? Nov\u00e9 z\u00e1\u017eitky se stejn\u00fdma lidma M\u00e1\u0161\u2026 <span class=\"read-more\"><a href=\"https:\/\/www.dolesa.org\/index.php\/o-nas\/krystof\/\">Read More &raquo;<\/a><\/span><\/p>\n","protected":false},"author":2,"featured_media":0,"parent":2,"menu_order":9,"comment_status":"closed","ping_status":"closed","template":"","meta":{"footnotes":""},"class_list":["post-610","page","type-page","status-publish","hentry"],"_links":{"self":[{"href":"https:\/\/www.dolesa.org\/index.php\/wp-json\/wp\/v2\/pages\/610","targetHints":{"allow":["GET"]}}],"collection":[{"href":"https:\/\/www.dolesa.org\/index.php\/wp-json\/wp\/v2\/pages"}],"about":[{"href":"https:\/\/www.dolesa.org\/index.php\/wp-json\/wp\/v2\/types\/page"}],"author":[{"embeddable":true,"href":"https:\/\/www.dolesa.org\/index.php\/wp-json\/wp\/v2\/users\/2"}],"replies":[{"embeddable":true,"href":"https:\/\/www.dolesa.org\/index.php\/wp-json\/wp\/v2\/comments?post=610"}],"version-history":[{"count":1,"href":"https:\/\/www.dolesa.org\/index.php\/wp-json\/wp\/v2\/pages\/610\/revisions"}],"predecessor-version":[{"id":611,"href":"https:\/\/www.dolesa.org\/index.php\/wp-json\/wp\/v2\/pages\/610\/revisions\/611"}],"up":[{"embeddable":true,"href":"https:\/\/www.dolesa.org\/index.php\/wp-json\/wp\/v2\/pages\/2"}],"wp:attachment":[{"href":"https:\/\/www.dolesa.org\/index.php\/wp-json\/wp\/v2\/media?parent=610"}],"curies":[{"name":"wp","href":"https:\/\/api.w.org\/{rel}","templated":true}]}}