{"id":5951,"date":"2026-02-07T15:34:49","date_gmt":"2026-02-07T14:34:49","guid":{"rendered":"https:\/\/www.dolesa.org\/?page_id=5951"},"modified":"2026-02-07T15:34:49","modified_gmt":"2026-02-07T14:34:49","slug":"zekonske-tricko-2025","status":"publish","type":"page","link":"https:\/\/www.dolesa.org\/index.php\/hry\/zekonske-tricko-2025\/","title":{"rendered":"Zekonsk\u00e9 tri\u010dko 2025"},"content":{"rendered":"\n<p>V\u00edt\u011bz: <strong>Violka Pomiov\u00e1<\/strong><br>Vytvo\u0159eno na po\u010d\u00edta\u010di v programu Adobe Illustrator &#8211; vektorov\u00e1 grafika. Na b\u011b\u017ece jsem si pomohla s um\u011blou inteligenc\u00ed. Vyu\u017eila jsem do motivu t\u00e1borov\u00e9 logo.<\/p>\n\n\n\n<figure class=\"wp-block-image size-full\"><img loading=\"lazy\" decoding=\"async\" width=\"841\" height=\"846\" src=\"https:\/\/www.dolesa.org\/wp-content\/uploads\/2026\/02\/tricko_zekon_violka.png\" alt=\"\" class=\"wp-image-5953\" srcset=\"https:\/\/www.dolesa.org\/wp-content\/uploads\/2026\/02\/tricko_zekon_violka.png 841w, https:\/\/www.dolesa.org\/wp-content\/uploads\/2026\/02\/tricko_zekon_violka-298x300.png 298w, https:\/\/www.dolesa.org\/wp-content\/uploads\/2026\/02\/tricko_zekon_violka-150x150.png 150w, https:\/\/www.dolesa.org\/wp-content\/uploads\/2026\/02\/tricko_zekon_violka-768x773.png 768w, https:\/\/www.dolesa.org\/wp-content\/uploads\/2026\/02\/tricko_zekon_violka-660x664.png 660w\" sizes=\"auto, (max-width: 841px) 100vw, 841px\" \/><\/figure>\n\n\n\n<h2 class=\"wp-block-heading\">Dal\u0161\u00ed n\u00e1vrhy<\/h2>\n\n\n\n<p><strong>Lucka Kortusov\u00e1<\/strong><br>Toto je jen hrub\u00fd n\u00e1vrh obzvl\u00e1\u0161\u0165 postava b\u011b\u017ece je jen n\u00e1\u010drt ale u\u017e m\u00e1m rozd\u011blan\u00fd p\u0159esn\u011bj\u0161\u00ed n\u00e1vrh v InkScapu . Nemohla jsem se rozhodnout jestli to d\u00e1t do kruhu nebo ne ale nakonec jsem to nechala<br>takhle.<\/p>\n\n\n\n<figure class=\"wp-block-image size-full\"><img loading=\"lazy\" decoding=\"async\" width=\"1000\" height=\"1000\" src=\"https:\/\/www.dolesa.org\/wp-content\/uploads\/2026\/02\/tricko_zekon_lucka.png\" alt=\"\" class=\"wp-image-5954\" srcset=\"https:\/\/www.dolesa.org\/wp-content\/uploads\/2026\/02\/tricko_zekon_lucka.png 1000w, https:\/\/www.dolesa.org\/wp-content\/uploads\/2026\/02\/tricko_zekon_lucka-300x300.png 300w, https:\/\/www.dolesa.org\/wp-content\/uploads\/2026\/02\/tricko_zekon_lucka-150x150.png 150w, https:\/\/www.dolesa.org\/wp-content\/uploads\/2026\/02\/tricko_zekon_lucka-768x768.png 768w, https:\/\/www.dolesa.org\/wp-content\/uploads\/2026\/02\/tricko_zekon_lucka-660x660.png 660w\" sizes=\"auto, (max-width: 1000px) 100vw, 1000px\" \/><\/figure>\n\n\n\n<p><strong>Ton\u00edk \u0160olc<\/strong><br>T\u00e1borov\u00e9 logo jsem upravil v aplikaci galerie.<\/p>\n\n\n\n<figure class=\"wp-block-image size-large\"><img loading=\"lazy\" decoding=\"async\" width=\"1024\" height=\"1024\" src=\"https:\/\/www.dolesa.org\/wp-content\/uploads\/2026\/02\/tricko_zekon_tonik-1024x1024.jpg\" alt=\"\" class=\"wp-image-5955\" srcset=\"https:\/\/www.dolesa.org\/wp-content\/uploads\/2026\/02\/tricko_zekon_tonik-1024x1024.jpg 1024w, https:\/\/www.dolesa.org\/wp-content\/uploads\/2026\/02\/tricko_zekon_tonik-300x300.jpg 300w, https:\/\/www.dolesa.org\/wp-content\/uploads\/2026\/02\/tricko_zekon_tonik-150x150.jpg 150w, https:\/\/www.dolesa.org\/wp-content\/uploads\/2026\/02\/tricko_zekon_tonik-768x767.jpg 768w, https:\/\/www.dolesa.org\/wp-content\/uploads\/2026\/02\/tricko_zekon_tonik-1536x1534.jpg 1536w, https:\/\/www.dolesa.org\/wp-content\/uploads\/2026\/02\/tricko_zekon_tonik-2048x2046.jpg 2048w, https:\/\/www.dolesa.org\/wp-content\/uploads\/2026\/02\/tricko_zekon_tonik-660x659.jpg 660w\" sizes=\"auto, (max-width: 1024px) 100vw, 1024px\" \/><\/figure>\n\n\n\n<p><strong>Bar\u010da<\/strong><br>N\u00e1\u010drt, vyroben\u00fd v Inkscape. Proto\u017ee v\u0161ichni dob\u0159e v\u00ed, jak\u00e1 je hlavn\u00ed motivace, pro\u010d se Zekon b\u011bh\u00e1\u2026<br><\/p>\n\n\n\n<figure class=\"wp-block-image size-large\"><img loading=\"lazy\" decoding=\"async\" width=\"1024\" height=\"1006\" src=\"https:\/\/www.dolesa.org\/wp-content\/uploads\/2026\/02\/tricko_zekon_barca_01-1024x1006.jpeg\" alt=\"\" class=\"wp-image-5956\" srcset=\"https:\/\/www.dolesa.org\/wp-content\/uploads\/2026\/02\/tricko_zekon_barca_01-1024x1006.jpeg 1024w, https:\/\/www.dolesa.org\/wp-content\/uploads\/2026\/02\/tricko_zekon_barca_01-300x295.jpeg 300w, https:\/\/www.dolesa.org\/wp-content\/uploads\/2026\/02\/tricko_zekon_barca_01-768x754.jpeg 768w, https:\/\/www.dolesa.org\/wp-content\/uploads\/2026\/02\/tricko_zekon_barca_01-660x648.jpeg 660w, https:\/\/www.dolesa.org\/wp-content\/uploads\/2026\/02\/tricko_zekon_barca_01.jpeg 1344w\" sizes=\"auto, (max-width: 1024px) 100vw, 1024px\" \/><\/figure>\n\n\n\n<p><strong>Bar\u010da<\/strong><br>Zkou\u0161ela jsem se sp\u0159\u00e1telit s Inkscapem, namotivovan\u00e1, \u017ee se to nau\u010d\u00edm jako Maru\u0161ka s Lucinkou o V\u00e1noc\u00edch. Na spln\u011bn\u00ed v\u00fdzvy slu\u0161n\u011b mluv\u00edc\u00edho t\u00e1born\u00edka to ten den opravdu nebylo, nic nefungovalo, tekly mi nervy, relaxa\u010dn\u00ed tvo\u0159iv\u00e1 \u010dinnost, to ur\u010dit\u011b. A je\u0161t\u011b se mi v\u00fdsledek m\u00e9ho n\u011bkolikahodinov\u00e9ho vztekl\u00e9ho sna\u017een\u00ed v\u016fbec nel\u00edbil. Tak\u017ee jsem to s Inkscapem vzdala a vr\u00e1tila se ke star\u00e9 dobr\u00e9 tu\u017ece a pap\u00edru, na\u010drtla p\u00e1r dal\u0161\u00edch \u010dar a pak si \u0161la lehnout. Druh\u00fd den jsem se vr\u00e1tila k rozd\u011blan\u00e9 pr\u00e1ci, to u\u017e jsem se skoro nevztekala (krom\u011b exportu m\u00e9ho veled\u00edla, abych ho sem mohla v\u016fbec poslat) a nakonec v\u00e1m tu m\u016f\u017eu celkem spokojen\u011b odprezentovat v\u00fdsledek sv\u00e9ho sna\u017een\u00ed.<\/p>\n\n\n\n<figure class=\"wp-block-image size-large\"><img loading=\"lazy\" decoding=\"async\" width=\"1024\" height=\"872\" src=\"https:\/\/www.dolesa.org\/wp-content\/uploads\/2026\/02\/tricko_zekon_barca_02-1024x872.jpeg\" alt=\"\" class=\"wp-image-5957\" srcset=\"https:\/\/www.dolesa.org\/wp-content\/uploads\/2026\/02\/tricko_zekon_barca_02-1024x872.jpeg 1024w, https:\/\/www.dolesa.org\/wp-content\/uploads\/2026\/02\/tricko_zekon_barca_02-300x255.jpeg 300w, https:\/\/www.dolesa.org\/wp-content\/uploads\/2026\/02\/tricko_zekon_barca_02-768x654.jpeg 768w, https:\/\/www.dolesa.org\/wp-content\/uploads\/2026\/02\/tricko_zekon_barca_02-1536x1307.jpeg 1536w, https:\/\/www.dolesa.org\/wp-content\/uploads\/2026\/02\/tricko_zekon_barca_02-660x562.jpeg 660w, https:\/\/www.dolesa.org\/wp-content\/uploads\/2026\/02\/tricko_zekon_barca_02.jpeg 1620w\" sizes=\"auto, (max-width: 1024px) 100vw, 1024px\" \/><\/figure>\n","protected":false},"excerpt":{"rendered":"<p>V\u00edt\u011bz: Violka Pomiov\u00e1Vytvo\u0159eno na po\u010d\u00edta\u010di v programu Adobe Illustrator &#8211; vektorov\u00e1 grafika. Na b\u011b\u017ece jsem si pomohla s um\u011blou inteligenc\u00ed. Vyu\u017eila jsem do motivu t\u00e1borov\u00e9 logo. Dal\u0161\u00ed n\u00e1vrhy Lucka Kortusov\u00e1Toto je jen hrub\u00fd n\u00e1vrh obzvl\u00e1\u0161\u0165 postava b\u011b\u017ece je jen n\u00e1\u010drt ale u\u017e m\u00e1m rozd\u011blan\u00fd p\u0159esn\u011bj\u0161\u00ed n\u00e1vrh v InkScapu . Nemohla jsem se rozhodnout jestli to\u2026 <span class=\"read-more\"><a href=\"https:\/\/www.dolesa.org\/index.php\/hry\/zekonske-tricko-2025\/\">Read More &raquo;<\/a><\/span><\/p>\n","protected":false},"author":2,"featured_media":0,"parent":686,"menu_order":0,"comment_status":"closed","ping_status":"closed","template":"","meta":{"footnotes":""},"class_list":["post-5951","page","type-page","status-publish","hentry"],"_links":{"self":[{"href":"https:\/\/www.dolesa.org\/index.php\/wp-json\/wp\/v2\/pages\/5951","targetHints":{"allow":["GET"]}}],"collection":[{"href":"https:\/\/www.dolesa.org\/index.php\/wp-json\/wp\/v2\/pages"}],"about":[{"href":"https:\/\/www.dolesa.org\/index.php\/wp-json\/wp\/v2\/types\/page"}],"author":[{"embeddable":true,"href":"https:\/\/www.dolesa.org\/index.php\/wp-json\/wp\/v2\/users\/2"}],"replies":[{"embeddable":true,"href":"https:\/\/www.dolesa.org\/index.php\/wp-json\/wp\/v2\/comments?post=5951"}],"version-history":[{"count":1,"href":"https:\/\/www.dolesa.org\/index.php\/wp-json\/wp\/v2\/pages\/5951\/revisions"}],"predecessor-version":[{"id":5958,"href":"https:\/\/www.dolesa.org\/index.php\/wp-json\/wp\/v2\/pages\/5951\/revisions\/5958"}],"up":[{"embeddable":true,"href":"https:\/\/www.dolesa.org\/index.php\/wp-json\/wp\/v2\/pages\/686"}],"wp:attachment":[{"href":"https:\/\/www.dolesa.org\/index.php\/wp-json\/wp\/v2\/media?parent=5951"}],"curies":[{"name":"wp","href":"https:\/\/api.w.org\/{rel}","templated":true}]}}