{"id":595,"date":"2023-07-15T00:12:21","date_gmt":"2023-07-14T22:12:21","guid":{"rendered":"http:\/\/www.dolesa.org\/?page_id=595"},"modified":"2023-07-15T00:12:21","modified_gmt":"2023-07-14T22:12:21","slug":"vojta","status":"publish","type":"page","link":"https:\/\/www.dolesa.org\/index.php\/o-nas\/vojta\/","title":{"rendered":"Vojta"},"content":{"rendered":"\n<div class=\"wp-block-columns is-layout-flex wp-container-core-columns-is-layout-9d6595d7 wp-block-columns-is-layout-flex\">\n<div class=\"wp-block-column is-layout-flow wp-block-column-is-layout-flow\" style=\"flex-basis:33.33%\">\n<figure class=\"wp-block-image size-full\"><img loading=\"lazy\" decoding=\"async\" width=\"400\" height=\"400\" src=\"https:\/\/www.dolesa.org\/wp-content\/uploads\/2023\/07\/20220805_162356.jpg\" alt=\"\" class=\"wp-image-596\" srcset=\"https:\/\/www.dolesa.org\/wp-content\/uploads\/2023\/07\/20220805_162356.jpg 400w, https:\/\/www.dolesa.org\/wp-content\/uploads\/2023\/07\/20220805_162356-300x300.jpg 300w, https:\/\/www.dolesa.org\/wp-content\/uploads\/2023\/07\/20220805_162356-150x150.jpg 150w\" sizes=\"auto, (max-width: 400px) 100vw, 400px\" \/><\/figure>\n\n\n\n<p><strong>odd\u00edlov\u00fd vedouc\u00ed<\/strong><\/p>\n<\/div>\n\n\n\n<div class=\"wp-block-column is-layout-flow wp-block-column-is-layout-flow\" style=\"flex-basis:66.66%\">\n<h3 class=\"wp-block-heading\">Jak\u00e9 je tv\u00e9 civiln\u00ed povol\u00e1n\u00ed?<\/h3>\n\n\n\n<p>\u0160\u0165oural v oblasti robotiky a po\u010d\u00edta\u010dov\u00e9ho vid\u011bn\u00ed<\/p>\n\n\n\n<h3 class=\"wp-block-heading\">Jak\u00e9 m\u00e1\u0161 kon\u00ed\u010dky? Co t\u011b bav\u00ed?<\/h3>\n\n\n\n<p>Vyr\u00e1b\u011bn\u00ed v\u0161eho mo\u017en\u00e9ho<\/p>\n\n\n\n<h3 class=\"wp-block-heading\">\u010c\u00edm jsi cht\u011bl b\u00fdt jako mal\u00fd?<\/h3>\n\n\n\n<p>Popel\u00e1\u0159 nebo kosmonaut<\/p>\n\n\n\n<h3 class=\"wp-block-heading\">Jak\u00e9 je tv\u00e9 \u017eivotn\u00ed motto?<\/h3>\n\n\n\n<p>Vezmeme to hor\u0161\u00ed, ale zato del\u0161\u00ed cestou, proto\u017ee co t\u011b nezabije, to t\u011b pos\u00edl\u00ed a nav\u00edc nen\u00ed pot\u0159eba vyhr\u00e1t, ale z\u00fa\u010dastnit se.<\/p>\n\n\n\n<h3 class=\"wp-block-heading\">Co t\u011b motivuje jezdit na t\u00e1bory?<\/h3>\n\n\n\n<p>Bezplatn\u00e1 strava<\/p>\n\n\n\n<h3 class=\"wp-block-heading\">M\u00e1\u0161 n\u011bco, co se sv\u00fdm p\u016fsoben\u00edm na t\u00e1bo\u0159e sna\u017e\u00ed\u0161 p\u0159edat d\u011btem a ostatn\u00edm t\u00e1born\u00edk\u016fm?<\/h3>\n\n\n\n<p>Pobyt v lese, na louce, \u010di u rybn\u00edka nemus\u00ed b\u00fdt otrava.<\/p>\n\n\n\n<h3 class=\"wp-block-heading\">Jak\u00e9 je tv\u00e9 obl\u00edben\u00e9 t\u00e1borov\u00e9 j\u00eddlo?<\/h3>\n\n\n\n<p>V\u0161e co vyjde z t\u00e1borov\u00e9 kuchyn\u011b<\/p>\n\n\n\n<h3 class=\"wp-block-heading\">Jak\u00e1 t\u00e1borov\u00e1 p\u00edse\u0148 nejl\u00e9pe vystihuje tv\u016fj dosavadn\u00ed \u017eivot?<\/h3>\n\n\n\n<p>Hl\u00edda\u010d krav<\/p>\n\n\n\n<h3 class=\"wp-block-heading\">Jak\u00e1 je tv\u00e1 nejsiln\u011bj\u0161\u00ed\/nejmilej\u0161\u00ed t\u00e1borov\u00e1 vzpom\u00ednka?<\/h3>\n\n\n\n<p>Jednu konkr\u00e9tn\u00ed vzpom\u00ednku nem\u00e1m. Siln\u00fdm z\u00e1\u017eitkem je ka\u017ed\u00fd t\u00e1bor.<\/p>\n\n\n\n<h3 class=\"wp-block-heading\">Jak\u00e9 t\u00e1borov\u00e9 t\u00e9ma bys cht\u011bl jednou prosadit?<\/h3>\n\n\n\n<p>Jednou bych r\u00e1d prosadil vesm\u00edrnou desetiletku &#8211; 1. Apollo, 2. Artemis, 3. Mar\u0165an, 4. Mars (Rud\u00fd, Zelen\u00fd, Modr\u00fd), 5. R\u00e1ma, 6. Expanze, 7. Duna, 8. Nadace, 9. The Culture, 10. Stopa\u0159\u016fv pr\u016fvodce po Galaxii<\/p>\n<\/div>\n<\/div>\n","protected":false},"excerpt":{"rendered":"<p>odd\u00edlov\u00fd vedouc\u00ed Jak\u00e9 je tv\u00e9 civiln\u00ed povol\u00e1n\u00ed? \u0160\u0165oural v oblasti robotiky a po\u010d\u00edta\u010dov\u00e9ho vid\u011bn\u00ed Jak\u00e9 m\u00e1\u0161 kon\u00ed\u010dky? Co t\u011b bav\u00ed? Vyr\u00e1b\u011bn\u00ed v\u0161eho mo\u017en\u00e9ho \u010c\u00edm jsi cht\u011bl b\u00fdt jako mal\u00fd? Popel\u00e1\u0159 nebo kosmonaut Jak\u00e9 je tv\u00e9 \u017eivotn\u00ed motto? Vezmeme to hor\u0161\u00ed, ale zato del\u0161\u00ed cestou, proto\u017ee co t\u011b nezabije, to t\u011b pos\u00edl\u00ed a nav\u00edc nen\u00ed pot\u0159eba\u2026 <span class=\"read-more\"><a href=\"https:\/\/www.dolesa.org\/index.php\/o-nas\/vojta\/\">Read More &raquo;<\/a><\/span><\/p>\n","protected":false},"author":2,"featured_media":0,"parent":2,"menu_order":5,"comment_status":"closed","ping_status":"closed","template":"","meta":{"footnotes":""},"class_list":["post-595","page","type-page","status-publish","hentry"],"_links":{"self":[{"href":"https:\/\/www.dolesa.org\/index.php\/wp-json\/wp\/v2\/pages\/595","targetHints":{"allow":["GET"]}}],"collection":[{"href":"https:\/\/www.dolesa.org\/index.php\/wp-json\/wp\/v2\/pages"}],"about":[{"href":"https:\/\/www.dolesa.org\/index.php\/wp-json\/wp\/v2\/types\/page"}],"author":[{"embeddable":true,"href":"https:\/\/www.dolesa.org\/index.php\/wp-json\/wp\/v2\/users\/2"}],"replies":[{"embeddable":true,"href":"https:\/\/www.dolesa.org\/index.php\/wp-json\/wp\/v2\/comments?post=595"}],"version-history":[{"count":1,"href":"https:\/\/www.dolesa.org\/index.php\/wp-json\/wp\/v2\/pages\/595\/revisions"}],"predecessor-version":[{"id":597,"href":"https:\/\/www.dolesa.org\/index.php\/wp-json\/wp\/v2\/pages\/595\/revisions\/597"}],"up":[{"embeddable":true,"href":"https:\/\/www.dolesa.org\/index.php\/wp-json\/wp\/v2\/pages\/2"}],"wp:attachment":[{"href":"https:\/\/www.dolesa.org\/index.php\/wp-json\/wp\/v2\/media?parent=595"}],"curies":[{"name":"wp","href":"https:\/\/api.w.org\/{rel}","templated":true}]}}