{"id":588,"date":"2023-07-14T23:52:07","date_gmt":"2023-07-14T21:52:07","guid":{"rendered":"http:\/\/www.dolesa.org\/?page_id=588"},"modified":"2025-01-11T23:43:41","modified_gmt":"2025-01-11T22:43:41","slug":"maru","status":"publish","type":"page","link":"https:\/\/www.dolesa.org\/index.php\/o-nas\/maru\/","title":{"rendered":"Maru\u0161ka"},"content":{"rendered":"\n<div class=\"wp-block-columns is-layout-flex wp-container-core-columns-is-layout-9d6595d7 wp-block-columns-is-layout-flex\">\n<div class=\"wp-block-column is-layout-flow wp-block-column-is-layout-flow\" style=\"flex-basis:33.33%\">\n<figure class=\"wp-block-image size-full\"><img loading=\"lazy\" decoding=\"async\" width=\"600\" height=\"600\" src=\"https:\/\/www.dolesa.org\/wp-content\/uploads\/2025\/01\/maru_2025.jpg\" alt=\"\" class=\"wp-image-907\" srcset=\"https:\/\/www.dolesa.org\/wp-content\/uploads\/2025\/01\/maru_2025.jpg 600w, https:\/\/www.dolesa.org\/wp-content\/uploads\/2025\/01\/maru_2025-300x300.jpg 300w, https:\/\/www.dolesa.org\/wp-content\/uploads\/2025\/01\/maru_2025-150x150.jpg 150w\" sizes=\"auto, (max-width: 600px) 100vw, 600px\" \/><\/figure>\n\n\n\n<p><strong>Odd\u00edlov\u00e1 vedouc\u00ed<\/strong><br><strong>Mana\u017eer celoro\u010dn\u00edch aktivit<\/strong><\/p>\n<\/div>\n\n\n\n<div class=\"wp-block-column is-layout-flow wp-block-column-is-layout-flow\" style=\"flex-basis:66.66%\">\n<h3 class=\"wp-block-heading\">Jak\u00e9 je tv\u00e9 civiln\u00ed povol\u00e1n\u00ed?<\/h3>\n\n\n\n<p>Profesion\u00e1ln\u00ed student gymn\u00e1zia&nbsp;<\/p>\n\n\n\n<h3 class=\"wp-block-heading\">Jak\u00e9 m\u00e1\u0161 kon\u00ed\u010dky? Co t\u011b bav\u00ed?<\/h3>\n\n\n\n<p>Sk\u00e1k\u00e1n\u00ed v bl\u00e1tiv\u00fdch kalu\u017e\u00edch<\/p>\n\n\n\n<h3 class=\"wp-block-heading\">\u010c\u00edm jsi cht\u011bl b\u00fdt jako mal\u00fd?<\/h3>\n\n\n\n<p>Rozhodn\u011b ne profesion\u00e1ln\u00edm studentem gymn\u00e1zia (mal\u00ed\u0159ka, spisovatelka a jadern\u00e1 fyzi\u010dka)<\/p>\n\n\n\n<h3 class=\"wp-block-heading\">Jak\u00e9 je tv\u00e9 \u017eivotn\u00ed motto?<\/h3>\n\n\n\n<p>Co z tebe bude, kdy\u017e nechod\u00ed\u0161 v\u010das na n\u00e1stup?<\/p>\n\n\n\n<h3 class=\"wp-block-heading\">Co t\u011b motivuje jezdit na t\u00e1bory?<\/h3>\n\n\n\n<p>J\u00eddlo<\/p>\n\n\n\n<h3 class=\"wp-block-heading\">M\u00e1\u0161 n\u011bco, co se sv\u00fdm p\u016fsoben\u00edm na t\u00e1bo\u0159e sna\u017e\u00ed\u0161 p\u0159edat d\u011btem a ostatn\u00edm t\u00e1born\u00edk\u016fm?<\/h3>\n\n\n\n<p>Cho\u010fte v \u010das na n\u00e1stupy<\/p>\n\n\n\n<h3 class=\"wp-block-heading\">Jak\u00e9 je tv\u00e9 obl\u00edben\u00e9 t\u00e1borov\u00e9 j\u00eddlo?<\/h3>\n\n\n\n<p>\u0160pagety<\/p>\n\n\n\n<h3 class=\"wp-block-heading\">Jak\u00e1 t\u00e1borov\u00e1 p\u00edse\u0148 nejl\u00e9pe vystihuje tv\u016fj dosavadn\u00ed \u017eivot?<\/h3>\n\n\n\n<p>Elektrick\u00fd val\u010d\u00edk<\/p>\n\n\n\n<h3 class=\"wp-block-heading\">Jak\u00e1 je tv\u00e1 nejsiln\u011bj\u0161\u00ed\/nejmilej\u0161\u00ed t\u00e1borov\u00e1 vzpom\u00ednka?<\/h3>\n\n\n\n<p>Tane\u010dn\u00ed sestava na p\u00edse\u0148 T\u0159i citr\u00f3nky<\/p>\n\n\n\n<h3 class=\"wp-block-heading\">Jak\u00e9 t\u00e1borov\u00e9 t\u00e9ma bys cht\u011bl jednou prosadit?<\/h3>\n\n\n\n<p>R\u00e1kosn\u00ed\u010dek<\/p>\n<\/div>\n<\/div>\n","protected":false},"excerpt":{"rendered":"<p>Odd\u00edlov\u00e1 vedouc\u00edMana\u017eer celoro\u010dn\u00edch aktivit Jak\u00e9 je tv\u00e9 civiln\u00ed povol\u00e1n\u00ed? Profesion\u00e1ln\u00ed student gymn\u00e1zia&nbsp; Jak\u00e9 m\u00e1\u0161 kon\u00ed\u010dky? Co t\u011b bav\u00ed? Sk\u00e1k\u00e1n\u00ed v bl\u00e1tiv\u00fdch kalu\u017e\u00edch \u010c\u00edm jsi cht\u011bl b\u00fdt jako mal\u00fd? Rozhodn\u011b ne profesion\u00e1ln\u00edm studentem gymn\u00e1zia (mal\u00ed\u0159ka, spisovatelka a jadern\u00e1 fyzi\u010dka) Jak\u00e9 je tv\u00e9 \u017eivotn\u00ed motto? Co z tebe bude, kdy\u017e nechod\u00ed\u0161 v\u010das na n\u00e1stup? Co t\u011b motivuje\u2026 <span class=\"read-more\"><a href=\"https:\/\/www.dolesa.org\/index.php\/o-nas\/maru\/\">Read More &raquo;<\/a><\/span><\/p>\n","protected":false},"author":2,"featured_media":0,"parent":2,"menu_order":2,"comment_status":"closed","ping_status":"closed","template":"","meta":{"footnotes":""},"class_list":["post-588","page","type-page","status-publish","hentry"],"_links":{"self":[{"href":"https:\/\/www.dolesa.org\/index.php\/wp-json\/wp\/v2\/pages\/588","targetHints":{"allow":["GET"]}}],"collection":[{"href":"https:\/\/www.dolesa.org\/index.php\/wp-json\/wp\/v2\/pages"}],"about":[{"href":"https:\/\/www.dolesa.org\/index.php\/wp-json\/wp\/v2\/types\/page"}],"author":[{"embeddable":true,"href":"https:\/\/www.dolesa.org\/index.php\/wp-json\/wp\/v2\/users\/2"}],"replies":[{"embeddable":true,"href":"https:\/\/www.dolesa.org\/index.php\/wp-json\/wp\/v2\/comments?post=588"}],"version-history":[{"count":4,"href":"https:\/\/www.dolesa.org\/index.php\/wp-json\/wp\/v2\/pages\/588\/revisions"}],"predecessor-version":[{"id":945,"href":"https:\/\/www.dolesa.org\/index.php\/wp-json\/wp\/v2\/pages\/588\/revisions\/945"}],"up":[{"embeddable":true,"href":"https:\/\/www.dolesa.org\/index.php\/wp-json\/wp\/v2\/pages\/2"}],"wp:attachment":[{"href":"https:\/\/www.dolesa.org\/index.php\/wp-json\/wp\/v2\/media?parent=588"}],"curies":[{"name":"wp","href":"https:\/\/api.w.org\/{rel}","templated":true}]}}