{"id":24,"date":"2022-05-24T21:29:45","date_gmt":"2022-05-24T19:29:45","guid":{"rendered":"http:\/\/www.dolesa.org\/?page_id=24"},"modified":"2026-04-05T21:55:12","modified_gmt":"2026-04-05T19:55:12","slug":"info","status":"publish","type":"page","link":"https:\/\/www.dolesa.org\/index.php\/info\/","title":{"rendered":"Informace"},"content":{"rendered":"\n<h2 class=\"wp-block-heading\">Kontakt<\/h2>\n\n\n\n<h3 class=\"wp-block-heading\">Adresa:<\/h3>\n\n\n\n<p>Spolek Do Lesa<br>Chvalkov 22<br>374 01 \u010c\u00ed\u017ekrajice<\/p>\n\n\n\n<h3 class=\"wp-block-heading\">V\u00fdbor spolku:<\/h3>\n\n\n\n<p>Michal Benda<br>Barbora P\u00e1nkov\u00e1<br>Ludmila Hudsk\u00e1<br>Darja Parsi<\/p>\n\n\n\n<h3 class=\"wp-block-heading\">I\u010c:<\/h3>\n\n\n\n<p>08048134<\/p>\n\n\n\n<h3 class=\"wp-block-heading\">\u010c\u00edslo \u00fa\u010dtu:<\/h3>\n\n\n\n<p>288439118\/0300<\/p>\n\n\n\n<h3 class=\"wp-block-heading\">Email:<\/h3>\n\n\n\n<p>volat@dolesa.org<\/p>\n\n\n\n<h2 class=\"wp-block-heading\">Seznam v\u011bc\u00ed na t\u00e1bor<\/h2>\n\n\n\n<div class=\"wp-block-file\"><object class=\"wp-block-file__embed\" data=\"https:\/\/www.dolesa.org\/wp-content\/uploads\/2023\/09\/Seznam-veci-na-tabor.pdf\" type=\"application\/pdf\" style=\"width:100%;height:910px\" aria-label=\"Seznam-veci-na-tabor\"><\/object><a id=\"wp-block-file--media-dec16ebc-1832-46e9-9ddc-6e44a1e55b38\" href=\"https:\/\/www.dolesa.org\/wp-content\/uploads\/2023\/09\/Seznam-veci-na-tabor.pdf\">St\u00e1hnout soubor<\/a><\/div>\n\n\n\n<h2 class=\"wp-block-heading\">N\u00e1vod na kost\u00fdmy<\/h2>\n\n\n\n<div class=\"wp-block-file\"><object class=\"wp-block-file__embed\" data=\"https:\/\/www.dolesa.org\/wp-content\/uploads\/2025\/07\/Manual-oblec-si-sveho-tabornika.pdf\" type=\"application\/pdf\" style=\"width:100%;height:910px\" aria-label=\"Seznam-veci-na-tabor\"><\/object><a id=\"wp-block-file--media-dec16ebc-1832-46e9-9ddc-6e44a1e55b38\" href=\"https:\/\/www.dolesa.org\/wp-content\/uploads\/2025\/07\/Manual-oblec-si-sveho-tabornika.pdf\">St\u00e1hnout soubor<\/a><\/div>\n","protected":false},"excerpt":{"rendered":"<p>Kontakt Adresa: Spolek Do LesaChvalkov 22374 01 \u010c\u00ed\u017ekrajice V\u00fdbor spolku: Michal BendaBarbora P\u00e1nkov\u00e1Ludmila Hudsk\u00e1Darja Parsi I\u010c: 08048134 \u010c\u00edslo \u00fa\u010dtu: 288439118\/0300 Email: volat@dolesa.org Seznam v\u011bc\u00ed na t\u00e1bor St\u00e1hnout soubor N\u00e1vod na kost\u00fdmy St\u00e1hnout soubor<\/p>\n","protected":false},"author":1,"featured_media":0,"parent":0,"menu_order":2,"comment_status":"closed","ping_status":"open","template":"","meta":{"footnotes":""},"class_list":["post-24","page","type-page","status-publish","hentry"],"_links":{"self":[{"href":"https:\/\/www.dolesa.org\/index.php\/wp-json\/wp\/v2\/pages\/24","targetHints":{"allow":["GET"]}}],"collection":[{"href":"https:\/\/www.dolesa.org\/index.php\/wp-json\/wp\/v2\/pages"}],"about":[{"href":"https:\/\/www.dolesa.org\/index.php\/wp-json\/wp\/v2\/types\/page"}],"author":[{"embeddable":true,"href":"https:\/\/www.dolesa.org\/index.php\/wp-json\/wp\/v2\/users\/1"}],"replies":[{"embeddable":true,"href":"https:\/\/www.dolesa.org\/index.php\/wp-json\/wp\/v2\/comments?post=24"}],"version-history":[{"count":5,"href":"https:\/\/www.dolesa.org\/index.php\/wp-json\/wp\/v2\/pages\/24\/revisions"}],"predecessor-version":[{"id":5970,"href":"https:\/\/www.dolesa.org\/index.php\/wp-json\/wp\/v2\/pages\/24\/revisions\/5970"}],"wp:attachment":[{"href":"https:\/\/www.dolesa.org\/index.php\/wp-json\/wp\/v2\/media?parent=24"}],"curies":[{"name":"wp","href":"https:\/\/api.w.org\/{rel}","templated":true}]}}